{"id":83,"date":"2025-07-23T00:07:05","date_gmt":"2025-07-23T00:07:05","guid":{"rendered":"https:\/\/draluciannenogueira.com.br\/?page_id=83"},"modified":"2025-07-23T17:13:43","modified_gmt":"2025-07-23T17:13:43","slug":"freddo","status":"publish","type":"page","link":"https:\/\/draluciannenogueira.com.br\/?page_id=83","title":{"rendered":"Freddo"},"content":{"rendered":"<div id=\"pl-83\"  class=\"panel-layout\" ><div id=\"pg-83-0\"  class=\"panel-grid panel-has-style\" ><div style=\"padding: 0px 0; \" data-overlay=\"true\" data-overlay-color=\"#000000\" class=\"panel-row-style panel-row-style-for-83-0\" ><div id=\"pgc-83-0-0\"  class=\"panel-grid-cell\" ><div id=\"panel-83-0-0-0\" class=\"so-panel widget widget_sow-editor panel-first-child panel-last-child\" data-index=\"0\" ><div style=\"text-align: left;\" data-title-color=\"#47425d\" data-headings-color=\"#443f3f\" data-title_alignment=\"center\" class=\"panel-widget-style panel-widget-style-for-83-0-0-0\" ><div\n\t\t\t\n\t\t\tclass=\"so-widget-sow-editor so-widget-sow-editor-base\"\n\t\t\t\n\t\t>\n<div class=\"siteorigin-widget-tinymce textwidget\">\n\t<p data-start=\"357\" data-end=\"681\">O <strong data-start=\"359\" data-end=\"436\">Freedo \u00e9 uma tecnologia de \u00faltima gera\u00e7\u00e3o para tratar varizes em Curitiba<\/strong>, oferecendo uma experi\u00eancia mais confort\u00e1vel, indolor e eficaz. Ideal para quem busca um tratamento moderno, sem cortes ou desconfortos, o Freedo tem se destacado por sua precis\u00e3o e resultados r\u00e1pidos, com excelente resposta cl\u00ednica e est\u00e9tica.<\/p>\n<p data-start=\"683\" data-end=\"867\">Na cl\u00ednica da <strong data-start=\"697\" data-end=\"723\">Dra. Lucianne Nogueira<\/strong>, refer\u00eancia em cirurgia vascular e flebologia est\u00e9tica, o Freedo \u00e9 aplicado com foco na seguran\u00e7a, bem-estar e qualidade de vida dos pacientes.<\/p>\n<hr data-start=\"869\" data-end=\"872\" \/>\n<h3 data-start=\"874\" data-end=\"895\">O que \u00e9 o Freedo?<\/h3>\n<p data-start=\"897\" data-end=\"1239\">O Freedo \u00e9 uma <strong data-start=\"912\" data-end=\"947\">plataforma tecnol\u00f3gica avan\u00e7ada<\/strong> que utiliza radiofrequ\u00eancia de alta precis\u00e3o para o <strong data-start=\"1000\" data-end=\"1045\">tratamento de varizes e veias reticulares<\/strong>, promovendo o fechamento controlado dos vasos afetados <strong data-start=\"1101\" data-end=\"1141\">sem dor, sem agulhas e sem anestesia<\/strong>. A aplica\u00e7\u00e3o \u00e9 feita diretamente sobre a pele, de forma r\u00e1pida, segura e totalmente n\u00e3o invasiva.<\/p>\n<p data-start=\"1241\" data-end=\"1400\">\u00c9 indicado especialmente para pacientes que desejam <strong data-start=\"1293\" data-end=\"1327\">melhorar a est\u00e9tica das pernas<\/strong> com mais conforto, evitando os inc\u00f4modos comuns de outros procedimentos.<\/p>\n<hr data-start=\"1402\" data-end=\"1405\" \/>\n<h3 data-start=\"1407\" data-end=\"1460\">Quais as vantagens do Freedo para tratar varizes?<\/h3>\n<p data-start=\"1462\" data-end=\"1554\">O Freedo representa um novo patamar no tratamento de varizes, com benef\u00edcios significativos:<\/p>\n<ul data-start=\"1556\" data-end=\"1881\">\n<li data-start=\"1556\" data-end=\"1597\">\n<p data-start=\"1558\" data-end=\"1597\"><strong data-start=\"1558\" data-end=\"1580\">Tratamento indolor<\/strong> e n\u00e3o invasivo<\/p>\n<\/li>\n<li data-start=\"1598\" data-end=\"1655\">\n<p data-start=\"1600\" data-end=\"1655\"><strong data-start=\"1600\" data-end=\"1653\">Sem agulhas, cortes ou necessidade de recupera\u00e7\u00e3o<\/strong><\/p>\n<\/li>\n<li data-start=\"1656\" data-end=\"1706\">\n<p data-start=\"1658\" data-end=\"1706\">Aplica\u00e7\u00e3o r\u00e1pida e confort\u00e1vel, em consult\u00f3rio<\/p>\n<\/li>\n<li data-start=\"1707\" data-end=\"1760\">\n<p data-start=\"1709\" data-end=\"1760\">N\u00e3o requer anestesia nem repouso p\u00f3s-procedimento<\/p>\n<\/li>\n<li data-start=\"1761\" data-end=\"1811\">\n<p data-start=\"1763\" data-end=\"1811\">Excelente resultado est\u00e9tico em poucas sess\u00f5es<\/p>\n<\/li>\n<li data-start=\"1812\" data-end=\"1881\">\n<p data-start=\"1814\" data-end=\"1881\">Pode ser combinado com outras t\u00e9cnicas, como laser e escleroterapia<\/p>\n<\/li>\n<\/ul>\n<p data-start=\"1883\" data-end=\"2005\">Essas caracter\u00edsticas tornam o <strong data-start=\"1914\" data-end=\"2004\">Freedo ideal para quem tem sensibilidade \u00e0 dor ou medo de procedimentos mais invasivos<\/strong>.<\/p>\n<hr data-start=\"2007\" data-end=\"2010\" \/>\n<h3 data-start=\"2012\" data-end=\"2046\">Para quem o Freedo \u00e9 indicado?<\/h3>\n<p data-start=\"2048\" data-end=\"2084\">A tecnologia Freedo \u00e9 indicada para:<\/p>\n<ul data-start=\"2086\" data-end=\"2354\">\n<li data-start=\"2086\" data-end=\"2150\">\n<p data-start=\"2088\" data-end=\"2150\">Pacientes com <strong data-start=\"2102\" data-end=\"2148\">vasinhos superficiais ou veias reticulares<\/strong><\/p>\n<\/li>\n<li data-start=\"2151\" data-end=\"2207\">\n<p data-start=\"2153\" data-end=\"2207\">Quem deseja um tratamento <strong data-start=\"2179\" data-end=\"2205\">est\u00e9tico e confort\u00e1vel<\/strong><\/p>\n<\/li>\n<li data-start=\"2208\" data-end=\"2281\">\n<p data-start=\"2210\" data-end=\"2281\">Pessoas com <strong data-start=\"2222\" data-end=\"2279\">intoler\u00e2ncia \u00e0 escleroterapia ou ao laser tradicional<\/strong><\/p>\n<\/li>\n<li data-start=\"2282\" data-end=\"2354\">\n<p data-start=\"2284\" data-end=\"2354\">Pacientes que buscam <strong data-start=\"2305\" data-end=\"2354\">rapidez, efic\u00e1cia e zero tempo de recupera\u00e7\u00e3o<\/strong><\/p>\n<\/li>\n<\/ul>\n<p data-start=\"2356\" data-end=\"2507\">A avalia\u00e7\u00e3o com a Dra. Lucianne \u00e9 essencial para definir se o Freedo \u00e9 a melhor op\u00e7\u00e3o para o seu tipo de veia e seus objetivos est\u00e9ticos ou funcionais.<\/p>\n<hr data-start=\"2509\" data-end=\"2512\" \/>\n<h3 data-start=\"2514\" data-end=\"2554\">Como funciona a aplica\u00e7\u00e3o do Freedo?<\/h3>\n<p data-start=\"2556\" data-end=\"2857\">Durante o procedimento, a ponteira do Freedo \u00e9 posicionada sobre a pele na regi\u00e3o dos vasinhos ou varizes. A tecnologia de radiofrequ\u00eancia atua de forma seletiva, aquecendo a parede do vaso e promovendo o seu fechamento gradual e natural. O tratamento \u00e9 <strong data-start=\"2810\" data-end=\"2856\">totalmente externo, sem inje\u00e7\u00f5es ou cortes<\/strong>.<\/p>\n<p data-start=\"2859\" data-end=\"3012\">A sess\u00e3o dura em m\u00e9dia de 20 a 40 minutos, e o paciente pode sair da cl\u00ednica e <strong data-start=\"2938\" data-end=\"2979\">retomar suas atividades imediatamente<\/strong>, sem necessidade de afastamento.<\/p>\n<hr data-start=\"3014\" data-end=\"3017\" \/>\n<h3 data-start=\"3019\" data-end=\"3070\">Freedo em Curitiba com a Dra. Lucianne Nogueira<\/h3>\n<p data-start=\"3072\" data-end=\"3382\">Se voc\u00ea procura um tratamento inovador para varizes, com <strong data-start=\"3129\" data-end=\"3189\">menos dor, mais conforto e resultados est\u00e9ticos vis\u00edveis<\/strong>, o Freedo pode ser a solu\u00e7\u00e3o ideal. A <strong data-start=\"3228\" data-end=\"3254\">Dra. Lucianne Nogueira<\/strong>, especialista em cirurgia vascular e t\u00e9cnicas minimamente invasivas, \u00e9 uma das refer\u00eancias no uso dessa tecnologia em Curitiba.<\/p>\n<p data-start=\"3384\" data-end=\"3556\">Com atendimento humanizado e planos de tratamento individualizados, ela une tecnologia de ponta \u00e0 experi\u00eancia cl\u00ednica para transformar a sa\u00fade e a est\u00e9tica das suas pernas.<\/p>\n<hr data-start=\"3558\" data-end=\"3561\" \/>\n<h3 data-start=\"3563\" data-end=\"3586\">Agende sua consulta<\/h3>\n<p data-start=\"3588\" data-end=\"3718\">\u2705 Tratamento indolor e n\u00e3o invasivo para varizes<br data-start=\"3636\" data-end=\"3639\" \/>\u2705 Tecnologia moderna, r\u00e1pida e eficaz<br data-start=\"3676\" data-end=\"3679\" \/>\u2705 Atendimento especializado em Curitiba<\/p>\n<p>Clinica Benance<br \/>\n(41) 9 9286 7848<\/p>\n<p>Avenida Sete de Setembro 4682 - Salas 1601\/1602\/1603<br \/>\nBatel, Curitiba\/PR<\/p>\n<\/div>\n<\/div><\/div><\/div><\/div><\/div><\/div><\/div>","protected":false},"excerpt":{"rendered":"<p>O Freedo \u00e9 uma tecnologia de \u00faltima gera\u00e7\u00e3o para tratar varizes em Curitiba, oferecendo uma experi\u00eancia mais confort\u00e1vel, indolor e eficaz. Ideal [&hellip;]<\/p>\n","protected":false},"author":1,"featured_media":242,"parent":0,"menu_order":0,"comment_status":"closed","ping_status":"closed","template":"","meta":{"_joinchat":[],"footnotes":""},"class_list":["post-83","page","type-page","status-publish","has-post-thumbnail","hentry"],"yoast_head":"<!-- This site is optimized with the Yoast SEO plugin v26.0 - https:\/\/yoast.com\/wordpress\/plugins\/seo\/ -->\n<title>Freddo - Dra Lucianne Nogueira<\/title>\n<meta name=\"description\" content=\"Trate varizes com conforto e tecnologia. A Dra. Lucianne Nogueira realiza o tratamento com Freedo em Curitiba: indolor, moderno e sem cortes.\" \/>\n<meta name=\"robots\" content=\"index, follow, max-snippet:-1, max-image-preview:large, max-video-preview:-1\" \/>\n<link rel=\"canonical\" href=\"https:\/\/draluciannenogueira.com.br\/?page_id=83\" \/>\n<meta property=\"og:locale\" content=\"pt_BR\" \/>\n<meta property=\"og:type\" content=\"article\" \/>\n<meta property=\"og:title\" content=\"Freddo - Dra Lucianne Nogueira\" \/>\n<meta property=\"og:description\" content=\"Trate varizes com conforto e tecnologia. A Dra. Lucianne Nogueira realiza o tratamento com Freedo em Curitiba: indolor, moderno e sem cortes.\" \/>\n<meta property=\"og:url\" content=\"https:\/\/draluciannenogueira.com.br\/?page_id=83\" \/>\n<meta property=\"og:site_name\" content=\"Dra Lucianne Nogueira\" \/>\n<meta property=\"article:modified_time\" content=\"2025-07-23T17:13:43+00:00\" \/>\n<meta property=\"og:image\" content=\"https:\/\/draluciannenogueira.com.br\/wp-content\/uploads\/2025\/07\/freddo-scaled.jpg\" \/>\n\t<meta property=\"og:image:width\" content=\"2560\" \/>\n\t<meta property=\"og:image:height\" content=\"1707\" \/>\n\t<meta property=\"og:image:type\" content=\"image\/jpeg\" \/>\n<meta name=\"twitter:card\" content=\"summary_large_image\" \/>\n<meta name=\"twitter:label1\" content=\"Est. tempo de leitura\" \/>\n\t<meta name=\"twitter:data1\" content=\"3 minutos\" \/>\n<script type=\"application\/ld+json\" class=\"yoast-schema-graph\">{\"@context\":\"https:\/\/schema.org\",\"@graph\":[{\"@type\":\"WebPage\",\"@id\":\"https:\/\/draluciannenogueira.com.br\/?page_id=83\",\"url\":\"https:\/\/draluciannenogueira.com.br\/?page_id=83\",\"name\":\"Freddo - Dra Lucianne Nogueira\",\"isPartOf\":{\"@id\":\"https:\/\/draluciannenogueira.com.br\/#website\"},\"primaryImageOfPage\":{\"@id\":\"https:\/\/draluciannenogueira.com.br\/?page_id=83#primaryimage\"},\"image\":{\"@id\":\"https:\/\/draluciannenogueira.com.br\/?page_id=83#primaryimage\"},\"thumbnailUrl\":\"https:\/\/draluciannenogueira.com.br\/wp-content\/uploads\/2025\/07\/freddo-scaled.jpg\",\"datePublished\":\"2025-07-23T00:07:05+00:00\",\"dateModified\":\"2025-07-23T17:13:43+00:00\",\"description\":\"Trate varizes com conforto e tecnologia. A Dra. Lucianne Nogueira realiza o tratamento com Freedo em Curitiba: indolor, moderno e sem cortes.\",\"breadcrumb\":{\"@id\":\"https:\/\/draluciannenogueira.com.br\/?page_id=83#breadcrumb\"},\"inLanguage\":\"pt-BR\",\"potentialAction\":[{\"@type\":\"ReadAction\",\"target\":[\"https:\/\/draluciannenogueira.com.br\/?page_id=83\"]}]},{\"@type\":\"ImageObject\",\"inLanguage\":\"pt-BR\",\"@id\":\"https:\/\/draluciannenogueira.com.br\/?page_id=83#primaryimage\",\"url\":\"https:\/\/draluciannenogueira.com.br\/wp-content\/uploads\/2025\/07\/freddo-scaled.jpg\",\"contentUrl\":\"https:\/\/draluciannenogueira.com.br\/wp-content\/uploads\/2025\/07\/freddo-scaled.jpg\",\"width\":2560,\"height\":1707},{\"@type\":\"BreadcrumbList\",\"@id\":\"https:\/\/draluciannenogueira.com.br\/?page_id=83#breadcrumb\",\"itemListElement\":[{\"@type\":\"ListItem\",\"position\":1,\"name\":\"Home\",\"item\":\"https:\/\/draluciannenogueira.com.br\/\"},{\"@type\":\"ListItem\",\"position\":2,\"name\":\"Freddo\"}]},{\"@type\":\"WebSite\",\"@id\":\"https:\/\/draluciannenogueira.com.br\/#website\",\"url\":\"https:\/\/draluciannenogueira.com.br\/\",\"name\":\"Dra Lucianne Nogueira\",\"description\":\"Cirurgia Vascular\",\"potentialAction\":[{\"@type\":\"SearchAction\",\"target\":{\"@type\":\"EntryPoint\",\"urlTemplate\":\"https:\/\/draluciannenogueira.com.br\/?s={search_term_string}\"},\"query-input\":{\"@type\":\"PropertyValueSpecification\",\"valueRequired\":true,\"valueName\":\"search_term_string\"}}],\"inLanguage\":\"pt-BR\"}]}<\/script>\n<!-- \/ Yoast SEO plugin. -->","yoast_head_json":{"title":"Freddo - Dra Lucianne Nogueira","description":"Trate varizes com conforto e tecnologia. A Dra. Lucianne Nogueira realiza o tratamento com Freedo em Curitiba: indolor, moderno e sem cortes.","robots":{"index":"index","follow":"follow","max-snippet":"max-snippet:-1","max-image-preview":"max-image-preview:large","max-video-preview":"max-video-preview:-1"},"canonical":"https:\/\/draluciannenogueira.com.br\/?page_id=83","og_locale":"pt_BR","og_type":"article","og_title":"Freddo - Dra Lucianne Nogueira","og_description":"Trate varizes com conforto e tecnologia. A Dra. Lucianne Nogueira realiza o tratamento com Freedo em Curitiba: indolor, moderno e sem cortes.","og_url":"https:\/\/draluciannenogueira.com.br\/?page_id=83","og_site_name":"Dra Lucianne Nogueira","article_modified_time":"2025-07-23T17:13:43+00:00","og_image":[{"width":2560,"height":1707,"url":"https:\/\/draluciannenogueira.com.br\/wp-content\/uploads\/2025\/07\/freddo-scaled.jpg","type":"image\/jpeg"}],"twitter_card":"summary_large_image","twitter_misc":{"Est. tempo de leitura":"3 minutos"},"schema":{"@context":"https:\/\/schema.org","@graph":[{"@type":"WebPage","@id":"https:\/\/draluciannenogueira.com.br\/?page_id=83","url":"https:\/\/draluciannenogueira.com.br\/?page_id=83","name":"Freddo - Dra Lucianne Nogueira","isPartOf":{"@id":"https:\/\/draluciannenogueira.com.br\/#website"},"primaryImageOfPage":{"@id":"https:\/\/draluciannenogueira.com.br\/?page_id=83#primaryimage"},"image":{"@id":"https:\/\/draluciannenogueira.com.br\/?page_id=83#primaryimage"},"thumbnailUrl":"https:\/\/draluciannenogueira.com.br\/wp-content\/uploads\/2025\/07\/freddo-scaled.jpg","datePublished":"2025-07-23T00:07:05+00:00","dateModified":"2025-07-23T17:13:43+00:00","description":"Trate varizes com conforto e tecnologia. A Dra. Lucianne Nogueira realiza o tratamento com Freedo em Curitiba: indolor, moderno e sem cortes.","breadcrumb":{"@id":"https:\/\/draluciannenogueira.com.br\/?page_id=83#breadcrumb"},"inLanguage":"pt-BR","potentialAction":[{"@type":"ReadAction","target":["https:\/\/draluciannenogueira.com.br\/?page_id=83"]}]},{"@type":"ImageObject","inLanguage":"pt-BR","@id":"https:\/\/draluciannenogueira.com.br\/?page_id=83#primaryimage","url":"https:\/\/draluciannenogueira.com.br\/wp-content\/uploads\/2025\/07\/freddo-scaled.jpg","contentUrl":"https:\/\/draluciannenogueira.com.br\/wp-content\/uploads\/2025\/07\/freddo-scaled.jpg","width":2560,"height":1707},{"@type":"BreadcrumbList","@id":"https:\/\/draluciannenogueira.com.br\/?page_id=83#breadcrumb","itemListElement":[{"@type":"ListItem","position":1,"name":"Home","item":"https:\/\/draluciannenogueira.com.br\/"},{"@type":"ListItem","position":2,"name":"Freddo"}]},{"@type":"WebSite","@id":"https:\/\/draluciannenogueira.com.br\/#website","url":"https:\/\/draluciannenogueira.com.br\/","name":"Dra Lucianne Nogueira","description":"Cirurgia Vascular","potentialAction":[{"@type":"SearchAction","target":{"@type":"EntryPoint","urlTemplate":"https:\/\/draluciannenogueira.com.br\/?s={search_term_string}"},"query-input":{"@type":"PropertyValueSpecification","valueRequired":true,"valueName":"search_term_string"}}],"inLanguage":"pt-BR"}]}},"_links":{"self":[{"href":"https:\/\/draluciannenogueira.com.br\/index.php?rest_route=\/wp\/v2\/pages\/83","targetHints":{"allow":["GET"]}}],"collection":[{"href":"https:\/\/draluciannenogueira.com.br\/index.php?rest_route=\/wp\/v2\/pages"}],"about":[{"href":"https:\/\/draluciannenogueira.com.br\/index.php?rest_route=\/wp\/v2\/types\/page"}],"author":[{"embeddable":true,"href":"https:\/\/draluciannenogueira.com.br\/index.php?rest_route=\/wp\/v2\/users\/1"}],"replies":[{"embeddable":true,"href":"https:\/\/draluciannenogueira.com.br\/index.php?rest_route=%2Fwp%2Fv2%2Fcomments&post=83"}],"version-history":[{"count":4,"href":"https:\/\/draluciannenogueira.com.br\/index.php?rest_route=\/wp\/v2\/pages\/83\/revisions"}],"predecessor-version":[{"id":257,"href":"https:\/\/draluciannenogueira.com.br\/index.php?rest_route=\/wp\/v2\/pages\/83\/revisions\/257"}],"wp:featuredmedia":[{"embeddable":true,"href":"https:\/\/draluciannenogueira.com.br\/index.php?rest_route=\/wp\/v2\/media\/242"}],"wp:attachment":[{"href":"https:\/\/draluciannenogueira.com.br\/index.php?rest_route=%2Fwp%2Fv2%2Fmedia&parent=83"}],"curies":[{"name":"wp","href":"https:\/\/api.w.org\/{rel}","templated":true}]}}