{"id":74,"date":"2025-07-23T00:05:59","date_gmt":"2025-07-23T00:05:59","guid":{"rendered":"https:\/\/draluciannenogueira.com.br\/?page_id=74"},"modified":"2025-07-24T15:22:09","modified_gmt":"2025-07-24T15:22:09","slug":"laser-transdermico","status":"publish","type":"page","link":"https:\/\/draluciannenogueira.com.br\/?page_id=74","title":{"rendered":"Laser Transd\u00e9rmico"},"content":{"rendered":"<div id=\"pl-74\"  class=\"panel-layout\" ><div id=\"pg-74-0\"  class=\"panel-grid panel-has-style\" ><div style=\"padding: 0px 0; \" data-overlay=\"true\" data-overlay-color=\"#000000\" class=\"panel-row-style panel-row-style-for-74-0\" ><div id=\"pgc-74-0-0\"  class=\"panel-grid-cell\" ><div id=\"panel-74-0-0-0\" class=\"so-panel widget widget_sow-editor panel-first-child panel-last-child\" data-index=\"0\" ><div style=\"text-align: left;\" data-title-color=\"#47425d\" data-headings-color=\"#443f3f\" data-title_alignment=\"center\" class=\"panel-widget-style panel-widget-style-for-74-0-0-0\" ><div\n\t\t\t\n\t\t\tclass=\"so-widget-sow-editor so-widget-sow-editor-base\"\n\t\t\t\n\t\t>\n<div class=\"siteorigin-widget-tinymce textwidget\">\n\t<p data-start=\"245\" data-end=\"618\">O <strong data-start=\"247\" data-end=\"295\">laser transd\u00e9rmico para vasinhos em Curitiba<\/strong> \u00e9 um tratamento moderno e eficaz indicado para pacientes que desejam melhorar a apar\u00eancia das pernas, eliminando vasinhos finos e superficiais. Seguro, r\u00e1pido e com resultados vis\u00edveis em poucas sess\u00f5es, esse procedimento \u00e9 uma excelente alternativa para quem busca solu\u00e7\u00f5es est\u00e9ticas sem cortes ou recupera\u00e7\u00e3o prolongada.<\/p>\n<p data-start=\"620\" data-end=\"827\">Na cl\u00ednica da <strong data-start=\"634\" data-end=\"660\">Dra. Lucianne Nogueira<\/strong>, refer\u00eancia em cirurgia vascular e flebologia est\u00e9tica em Curitiba, o laser \u00e9 aplicado com tecnologia de ponta e um olhar atento \u00e0s particularidades de cada paciente.<\/p>\n<hr data-start=\"829\" data-end=\"832\" \/>\n<h3 data-start=\"834\" data-end=\"881\">O que \u00e9 o laser transd\u00e9rmico para vasinhos?<\/h3>\n<p data-start=\"883\" data-end=\"1247\">O laser transd\u00e9rmico \u00e9 uma t\u00e9cnica <strong data-start=\"918\" data-end=\"934\">n\u00e3o invasiva<\/strong> que utiliza energia t\u00e9rmica para fechar os vasinhos superficiais (telangiectasias), geralmente vis\u00edveis em tons de vermelho ou roxo na pele. A luz emitida pelo laser \u00e9 absorvida pelo sangue no interior do vaso, promovendo seu colapso e absor\u00e7\u00e3o pelo organismo, sem necessidade de agulhas ou subst\u00e2ncias qu\u00edmicas.<\/p>\n<p data-start=\"1249\" data-end=\"1386\">\u00c9 um tratamento <strong data-start=\"1265\" data-end=\"1302\">indolor ou com desconforto m\u00ednimo<\/strong>, especialmente indicado para \u00e1reas delicadas como coxas, panturrilhas e tornozelos.<\/p>\n<p data-start=\"1249\" data-end=\"1386\"><img loading=\"lazy\" decoding=\"async\" class=\"alignnone size-full wp-image-242\" src=\"https:\/\/draluciannenogueira.com.br\/wp-content\/uploads\/2025\/07\/freddo-scaled.jpg\" alt=\"\" width=\"2560\" height=\"1707\" srcset=\"https:\/\/draluciannenogueira.com.br\/wp-content\/uploads\/2025\/07\/freddo-scaled.jpg 2560w, https:\/\/draluciannenogueira.com.br\/wp-content\/uploads\/2025\/07\/freddo-300x200.jpg 300w, https:\/\/draluciannenogueira.com.br\/wp-content\/uploads\/2025\/07\/freddo-1024x683.jpg 1024w, https:\/\/draluciannenogueira.com.br\/wp-content\/uploads\/2025\/07\/freddo-768x512.jpg 768w, https:\/\/draluciannenogueira.com.br\/wp-content\/uploads\/2025\/07\/freddo-1536x1024.jpg 1536w, https:\/\/draluciannenogueira.com.br\/wp-content\/uploads\/2025\/07\/freddo-2048x1365.jpg 2048w, https:\/\/draluciannenogueira.com.br\/wp-content\/uploads\/2025\/07\/freddo-1000x667.jpg 1000w, https:\/\/draluciannenogueira.com.br\/wp-content\/uploads\/2025\/07\/freddo-230x153.jpg 230w, https:\/\/draluciannenogueira.com.br\/wp-content\/uploads\/2025\/07\/freddo-350x233.jpg 350w, https:\/\/draluciannenogueira.com.br\/wp-content\/uploads\/2025\/07\/freddo-480x320.jpg 480w, https:\/\/draluciannenogueira.com.br\/wp-content\/uploads\/2025\/07\/freddo-272x182.jpg 272w, https:\/\/draluciannenogueira.com.br\/wp-content\/uploads\/2025\/07\/freddo-720x480.jpg 720w\" sizes=\"auto, (max-width: 2560px) 100vw, 2560px\" \/><\/p>\n<hr data-start=\"1388\" data-end=\"1391\" \/>\n<h3 data-start=\"1393\" data-end=\"1430\">Benef\u00edcios do laser para vasinhos<\/h3>\n<p data-start=\"1432\" data-end=\"1542\">Ao optar pelo <strong data-start=\"1446\" data-end=\"1496\">tratamento com laser para vasinhos em Curitiba<\/strong>, o paciente conta com uma s\u00e9rie de vantagens:<\/p>\n<ul data-start=\"1544\" data-end=\"1837\">\n<li data-start=\"1544\" data-end=\"1595\">\n<p data-start=\"1546\" data-end=\"1595\"><strong data-start=\"1546\" data-end=\"1569\">Procedimento r\u00e1pido<\/strong>, realizado em consult\u00f3rio<\/p>\n<\/li>\n<li data-start=\"1596\" data-end=\"1628\">\n<p data-start=\"1598\" data-end=\"1628\"><strong data-start=\"1598\" data-end=\"1628\">Sem necessidade de repouso<\/strong><\/p>\n<\/li>\n<li data-start=\"1629\" data-end=\"1702\">\n<p data-start=\"1631\" data-end=\"1702\"><strong data-start=\"1631\" data-end=\"1665\">Melhora est\u00e9tica significativa<\/strong> das pernas e outras regi\u00f5es afetadas<\/p>\n<\/li>\n<li data-start=\"1703\" data-end=\"1772\">\n<p data-start=\"1705\" data-end=\"1772\">T\u00e9cnica <strong data-start=\"1713\" data-end=\"1772\">precisa, segura e com baixo risco de efeitos colaterais<\/strong><\/p>\n<\/li>\n<li data-start=\"1773\" data-end=\"1837\">\n<p data-start=\"1775\" data-end=\"1837\">Pode ser combinada com outros tratamentos, como escleroterapia<\/p>\n<\/li>\n<\/ul>\n<p data-start=\"1839\" data-end=\"1930\">Esse m\u00e9todo \u00e9 ideal para quem deseja resultados eficazes com o m\u00ednimo de impacto na rotina.<\/p>\n<hr data-start=\"1932\" data-end=\"1935\" \/>\n<h3 data-start=\"1937\" data-end=\"1993\">Quem pode fazer o tratamento com laser transd\u00e9rmico?<\/h3>\n<p data-start=\"1995\" data-end=\"2044\">O laser \u00e9 indicado para pacientes que apresentam:<\/p>\n<ul data-start=\"2046\" data-end=\"2259\">\n<li data-start=\"2046\" data-end=\"2104\">\n<p data-start=\"2048\" data-end=\"2104\">Vasinhos finos e superficiais nas pernas ou outras \u00e1reas<\/p>\n<\/li>\n<li data-start=\"2105\" data-end=\"2145\">\n<p data-start=\"2107\" data-end=\"2145\">Desejo de melhorar a apar\u00eancia da pele<\/p>\n<\/li>\n<li data-start=\"2146\" data-end=\"2196\">\n<p data-start=\"2148\" data-end=\"2196\">Intoler\u00e2ncia ou contraindica\u00e7\u00e3o \u00e0 escleroterapia<\/p>\n<\/li>\n<li data-start=\"2197\" data-end=\"2259\">\n<p data-start=\"2199\" data-end=\"2259\">Busca por um tratamento est\u00e9tico <strong data-start=\"2232\" data-end=\"2259\">sem agulhas ou inje\u00e7\u00f5es<\/strong><\/p>\n<\/li>\n<\/ul>\n<p data-start=\"2261\" data-end=\"2394\">Antes do in\u00edcio das sess\u00f5es, a Dra. Lucianne realiza uma avalia\u00e7\u00e3o detalhada para definir o plano de tratamento ideal para cada caso.<\/p>\n<hr data-start=\"2396\" data-end=\"2399\" \/>\n<h3 data-start=\"2401\" data-end=\"2437\">Cuidados antes e depois do laser<\/h3>\n<p data-start=\"2439\" data-end=\"2608\">Antes da sess\u00e3o, recomenda-se evitar a exposi\u00e7\u00e3o solar direta e o uso de cremes nas \u00e1reas a serem tratadas. Ap\u00f3s o procedimento, o paciente deve seguir orienta\u00e7\u00f5es como:<\/p>\n<ul data-start=\"2610\" data-end=\"2786\">\n<li data-start=\"2610\" data-end=\"2640\">\n<p data-start=\"2612\" data-end=\"2640\">Usar filtro solar nas pernas<\/p>\n<\/li>\n<li data-start=\"2641\" data-end=\"2712\">\n<p data-start=\"2643\" data-end=\"2712\">Evitar calor excessivo e atividades de alto impacto por 24 a 48 horas<\/p>\n<\/li>\n<li data-start=\"2713\" data-end=\"2786\">\n<p data-start=\"2715\" data-end=\"2786\">Hidratar a pele e observar poss\u00edveis sinais de sensibilidade tempor\u00e1ria<\/p>\n<\/li>\n<\/ul>\n<p data-start=\"2788\" data-end=\"2869\">Em geral, a recupera\u00e7\u00e3o \u00e9 imediata e o retorno \u00e0s atividades \u00e9 quase instant\u00e2neo.<\/p>\n<hr data-start=\"2871\" data-end=\"2874\" \/>\n<h3 data-start=\"2876\" data-end=\"2940\">Laser para vasinhos em Curitiba com a Dra. Lucianne Nogueira<\/h3>\n<p data-start=\"2942\" data-end=\"3139\">Especialista em <strong data-start=\"2958\" data-end=\"3001\">cirurgia vascular e flebologia est\u00e9tica<\/strong>, a Dra. Lucianne alia tecnologia, experi\u00eancia e sensibilidade para oferecer tratamentos que respeitam a individualidade de cada paciente.<\/p>\n<p data-start=\"3141\" data-end=\"3340\">Se voc\u00ea deseja <strong data-start=\"3156\" data-end=\"3220\">eliminar vasinhos com seguran\u00e7a, conforto e resultados reais<\/strong>, agende uma consulta em Curitiba e descubra como o <strong data-start=\"3272\" data-end=\"3339\">laser transd\u00e9rmico pode transformar a apar\u00eancia das suas pernas<\/strong>.<\/p>\n<hr data-start=\"3342\" data-end=\"3345\" \/>\n<h3 data-start=\"3347\" data-end=\"3376\">Agende sua consulta agora<\/h3>\n<p data-start=\"3378\" data-end=\"3544\">\u2705 Tratamento moderno para vasinhos em Curitiba<br data-start=\"3424\" data-end=\"3427\" \/>\u2705 Sess\u00f5es r\u00e1pidas e seguras, com resultados vis\u00edveis<br data-start=\"3479\" data-end=\"3482\" \/>\u2705 Atendimento humanizado com especialista em cirurgia vascular<\/p>\n<p>Clinica Benance<br \/>\n(41) 9 9286 7848<\/p>\n<p>Avenida Sete de Setembro 4682 - Salas 1601\/1602\/1603<br \/>\nBatel, Curitiba\/PR<\/p>\n<\/div>\n<\/div><\/div><\/div><\/div><\/div><\/div><\/div>","protected":false},"excerpt":{"rendered":"<p>O laser transd\u00e9rmico para vasinhos em Curitiba \u00e9 um tratamento moderno e eficaz indicado para pacientes que desejam melhorar a apar\u00eancia das [&hellip;]<\/p>\n","protected":false},"author":1,"featured_media":243,"parent":0,"menu_order":0,"comment_status":"closed","ping_status":"closed","template":"","meta":{"_joinchat":[],"footnotes":""},"class_list":["post-74","page","type-page","status-publish","has-post-thumbnail","hentry"],"yoast_head":"<!-- This site is optimized with the Yoast SEO plugin v26.0 - https:\/\/yoast.com\/wordpress\/plugins\/seo\/ -->\n<title>Laser Transd\u00e9rmico - Dra Lucianne Nogueira<\/title>\n<meta name=\"description\" content=\"Elimine vasinhos com seguran\u00e7a e conforto. A Dra. Lucianne Nogueira realiza tratamento com laser convencional em Curitiba para melhorar a apar\u00eancia das suas pernas.\" \/>\n<meta name=\"robots\" content=\"index, follow, max-snippet:-1, max-image-preview:large, max-video-preview:-1\" \/>\n<link rel=\"canonical\" href=\"https:\/\/draluciannenogueira.com.br\/?page_id=74\" \/>\n<meta property=\"og:locale\" content=\"pt_BR\" \/>\n<meta property=\"og:type\" content=\"article\" \/>\n<meta property=\"og:title\" content=\"Laser Transd\u00e9rmico - Dra Lucianne Nogueira\" \/>\n<meta property=\"og:description\" content=\"Elimine vasinhos com seguran\u00e7a e conforto. A Dra. Lucianne Nogueira realiza tratamento com laser convencional em Curitiba para melhorar a apar\u00eancia das suas pernas.\" \/>\n<meta property=\"og:url\" content=\"https:\/\/draluciannenogueira.com.br\/?page_id=74\" \/>\n<meta property=\"og:site_name\" content=\"Dra Lucianne Nogueira\" \/>\n<meta property=\"article:modified_time\" content=\"2025-07-24T15:22:09+00:00\" \/>\n<meta property=\"og:image\" content=\"https:\/\/draluciannenogueira.com.br\/wp-content\/uploads\/2025\/07\/laser-scaled.jpg\" \/>\n\t<meta property=\"og:image:width\" content=\"2560\" \/>\n\t<meta property=\"og:image:height\" content=\"1707\" \/>\n\t<meta property=\"og:image:type\" content=\"image\/jpeg\" \/>\n<meta name=\"twitter:card\" content=\"summary_large_image\" \/>\n<meta name=\"twitter:label1\" content=\"Est. tempo de leitura\" \/>\n\t<meta name=\"twitter:data1\" content=\"4 minutos\" \/>\n<script type=\"application\/ld+json\" class=\"yoast-schema-graph\">{\"@context\":\"https:\/\/schema.org\",\"@graph\":[{\"@type\":\"WebPage\",\"@id\":\"https:\/\/draluciannenogueira.com.br\/?page_id=74\",\"url\":\"https:\/\/draluciannenogueira.com.br\/?page_id=74\",\"name\":\"Laser Transd\u00e9rmico - Dra Lucianne Nogueira\",\"isPartOf\":{\"@id\":\"https:\/\/draluciannenogueira.com.br\/#website\"},\"primaryImageOfPage\":{\"@id\":\"https:\/\/draluciannenogueira.com.br\/?page_id=74#primaryimage\"},\"image\":{\"@id\":\"https:\/\/draluciannenogueira.com.br\/?page_id=74#primaryimage\"},\"thumbnailUrl\":\"https:\/\/draluciannenogueira.com.br\/wp-content\/uploads\/2025\/07\/laser-scaled.jpg\",\"datePublished\":\"2025-07-23T00:05:59+00:00\",\"dateModified\":\"2025-07-24T15:22:09+00:00\",\"description\":\"Elimine vasinhos com seguran\u00e7a e conforto. A Dra. Lucianne Nogueira realiza tratamento com laser convencional em Curitiba para melhorar a apar\u00eancia das suas pernas.\",\"breadcrumb\":{\"@id\":\"https:\/\/draluciannenogueira.com.br\/?page_id=74#breadcrumb\"},\"inLanguage\":\"pt-BR\",\"potentialAction\":[{\"@type\":\"ReadAction\",\"target\":[\"https:\/\/draluciannenogueira.com.br\/?page_id=74\"]}]},{\"@type\":\"ImageObject\",\"inLanguage\":\"pt-BR\",\"@id\":\"https:\/\/draluciannenogueira.com.br\/?page_id=74#primaryimage\",\"url\":\"https:\/\/draluciannenogueira.com.br\/wp-content\/uploads\/2025\/07\/laser-scaled.jpg\",\"contentUrl\":\"https:\/\/draluciannenogueira.com.br\/wp-content\/uploads\/2025\/07\/laser-scaled.jpg\",\"width\":2560,\"height\":1707},{\"@type\":\"BreadcrumbList\",\"@id\":\"https:\/\/draluciannenogueira.com.br\/?page_id=74#breadcrumb\",\"itemListElement\":[{\"@type\":\"ListItem\",\"position\":1,\"name\":\"Home\",\"item\":\"https:\/\/draluciannenogueira.com.br\/\"},{\"@type\":\"ListItem\",\"position\":2,\"name\":\"Laser Transd\u00e9rmico\"}]},{\"@type\":\"WebSite\",\"@id\":\"https:\/\/draluciannenogueira.com.br\/#website\",\"url\":\"https:\/\/draluciannenogueira.com.br\/\",\"name\":\"Dra Lucianne Nogueira\",\"description\":\"Cirurgia Vascular\",\"potentialAction\":[{\"@type\":\"SearchAction\",\"target\":{\"@type\":\"EntryPoint\",\"urlTemplate\":\"https:\/\/draluciannenogueira.com.br\/?s={search_term_string}\"},\"query-input\":{\"@type\":\"PropertyValueSpecification\",\"valueRequired\":true,\"valueName\":\"search_term_string\"}}],\"inLanguage\":\"pt-BR\"}]}<\/script>\n<!-- \/ Yoast SEO plugin. -->","yoast_head_json":{"title":"Laser Transd\u00e9rmico - Dra Lucianne Nogueira","description":"Elimine vasinhos com seguran\u00e7a e conforto. A Dra. Lucianne Nogueira realiza tratamento com laser convencional em Curitiba para melhorar a apar\u00eancia das suas pernas.","robots":{"index":"index","follow":"follow","max-snippet":"max-snippet:-1","max-image-preview":"max-image-preview:large","max-video-preview":"max-video-preview:-1"},"canonical":"https:\/\/draluciannenogueira.com.br\/?page_id=74","og_locale":"pt_BR","og_type":"article","og_title":"Laser Transd\u00e9rmico - Dra Lucianne Nogueira","og_description":"Elimine vasinhos com seguran\u00e7a e conforto. A Dra. Lucianne Nogueira realiza tratamento com laser convencional em Curitiba para melhorar a apar\u00eancia das suas pernas.","og_url":"https:\/\/draluciannenogueira.com.br\/?page_id=74","og_site_name":"Dra Lucianne Nogueira","article_modified_time":"2025-07-24T15:22:09+00:00","og_image":[{"width":2560,"height":1707,"url":"https:\/\/draluciannenogueira.com.br\/wp-content\/uploads\/2025\/07\/laser-scaled.jpg","type":"image\/jpeg"}],"twitter_card":"summary_large_image","twitter_misc":{"Est. tempo de leitura":"4 minutos"},"schema":{"@context":"https:\/\/schema.org","@graph":[{"@type":"WebPage","@id":"https:\/\/draluciannenogueira.com.br\/?page_id=74","url":"https:\/\/draluciannenogueira.com.br\/?page_id=74","name":"Laser Transd\u00e9rmico - Dra Lucianne Nogueira","isPartOf":{"@id":"https:\/\/draluciannenogueira.com.br\/#website"},"primaryImageOfPage":{"@id":"https:\/\/draluciannenogueira.com.br\/?page_id=74#primaryimage"},"image":{"@id":"https:\/\/draluciannenogueira.com.br\/?page_id=74#primaryimage"},"thumbnailUrl":"https:\/\/draluciannenogueira.com.br\/wp-content\/uploads\/2025\/07\/laser-scaled.jpg","datePublished":"2025-07-23T00:05:59+00:00","dateModified":"2025-07-24T15:22:09+00:00","description":"Elimine vasinhos com seguran\u00e7a e conforto. A Dra. Lucianne Nogueira realiza tratamento com laser convencional em Curitiba para melhorar a apar\u00eancia das suas pernas.","breadcrumb":{"@id":"https:\/\/draluciannenogueira.com.br\/?page_id=74#breadcrumb"},"inLanguage":"pt-BR","potentialAction":[{"@type":"ReadAction","target":["https:\/\/draluciannenogueira.com.br\/?page_id=74"]}]},{"@type":"ImageObject","inLanguage":"pt-BR","@id":"https:\/\/draluciannenogueira.com.br\/?page_id=74#primaryimage","url":"https:\/\/draluciannenogueira.com.br\/wp-content\/uploads\/2025\/07\/laser-scaled.jpg","contentUrl":"https:\/\/draluciannenogueira.com.br\/wp-content\/uploads\/2025\/07\/laser-scaled.jpg","width":2560,"height":1707},{"@type":"BreadcrumbList","@id":"https:\/\/draluciannenogueira.com.br\/?page_id=74#breadcrumb","itemListElement":[{"@type":"ListItem","position":1,"name":"Home","item":"https:\/\/draluciannenogueira.com.br\/"},{"@type":"ListItem","position":2,"name":"Laser Transd\u00e9rmico"}]},{"@type":"WebSite","@id":"https:\/\/draluciannenogueira.com.br\/#website","url":"https:\/\/draluciannenogueira.com.br\/","name":"Dra Lucianne Nogueira","description":"Cirurgia Vascular","potentialAction":[{"@type":"SearchAction","target":{"@type":"EntryPoint","urlTemplate":"https:\/\/draluciannenogueira.com.br\/?s={search_term_string}"},"query-input":{"@type":"PropertyValueSpecification","valueRequired":true,"valueName":"search_term_string"}}],"inLanguage":"pt-BR"}]}},"_links":{"self":[{"href":"https:\/\/draluciannenogueira.com.br\/index.php?rest_route=\/wp\/v2\/pages\/74","targetHints":{"allow":["GET"]}}],"collection":[{"href":"https:\/\/draluciannenogueira.com.br\/index.php?rest_route=\/wp\/v2\/pages"}],"about":[{"href":"https:\/\/draluciannenogueira.com.br\/index.php?rest_route=\/wp\/v2\/types\/page"}],"author":[{"embeddable":true,"href":"https:\/\/draluciannenogueira.com.br\/index.php?rest_route=\/wp\/v2\/users\/1"}],"replies":[{"embeddable":true,"href":"https:\/\/draluciannenogueira.com.br\/index.php?rest_route=%2Fwp%2Fv2%2Fcomments&post=74"}],"version-history":[{"count":7,"href":"https:\/\/draluciannenogueira.com.br\/index.php?rest_route=\/wp\/v2\/pages\/74\/revisions"}],"predecessor-version":[{"id":280,"href":"https:\/\/draluciannenogueira.com.br\/index.php?rest_route=\/wp\/v2\/pages\/74\/revisions\/280"}],"wp:featuredmedia":[{"embeddable":true,"href":"https:\/\/draluciannenogueira.com.br\/index.php?rest_route=\/wp\/v2\/media\/243"}],"wp:attachment":[{"href":"https:\/\/draluciannenogueira.com.br\/index.php?rest_route=%2Fwp%2Fv2%2Fmedia&parent=74"}],"curies":[{"name":"wp","href":"https:\/\/api.w.org\/{rel}","templated":true}]}}