{"id":107,"date":"2025-07-23T00:24:01","date_gmt":"2025-07-23T00:24:01","guid":{"rendered":"https:\/\/draluciannenogueira.com.br\/?page_id=107"},"modified":"2025-07-23T01:34:54","modified_gmt":"2025-07-23T01:34:54","slug":"sobre","status":"publish","type":"page","link":"https:\/\/draluciannenogueira.com.br\/?page_id=107","title":{"rendered":"Sobre"},"content":{"rendered":"<div id=\"pl-107\"  class=\"panel-layout\" ><div id=\"pg-107-0\"  class=\"panel-grid panel-has-style\" ><div style=\"padding: 0px 0; \" data-overlay=\"true\" data-overlay-color=\"#000000\" class=\"panel-row-style panel-row-style-for-107-0\" ><div id=\"pgc-107-0-0\"  class=\"panel-grid-cell\" ><div id=\"panel-107-0-0-0\" class=\"so-panel widget widget_sow-editor panel-first-child panel-last-child\" data-index=\"0\" ><div style=\"text-align: left;\" data-title-color=\"#47425d\" data-headings-color=\"#443f3f\" data-title_alignment=\"center\" class=\"panel-widget-style panel-widget-style-for-107-0-0-0\" ><div\n\t\t\t\n\t\t\tclass=\"so-widget-sow-editor so-widget-sow-editor-base\"\n\t\t\t\n\t\t>\n<div class=\"siteorigin-widget-tinymce textwidget\">\n\t<p data-start=\"428\" data-end=\"522\"><strong data-start=\"428\" data-end=\"522\">Cuidar da sa\u00fade e da autoestima dos meus pacientes \u00e9 o que move minha jornada na medicina.<\/strong><\/p>\n<p data-start=\"524\" data-end=\"921\">Sou a Dra. Lucianne Nogueira, m\u00e9dica especializada em <strong data-start=\"578\" data-end=\"599\">cirurgia vascular<\/strong> com ampla experi\u00eancia em <strong data-start=\"625\" data-end=\"693\">tratamentos minimamente invasivos para varizes e doen\u00e7as venosas<\/strong>. Ao longo da minha carreira, me dediquei intensamente a buscar solu\u00e7\u00f5es modernas, seguras e eficazes para cuidar da <strong data-start=\"810\" data-end=\"844\">sa\u00fade e da est\u00e9tica das pernas<\/strong>, promovendo mais bem-estar, conforto e qualidade de vida aos meus pacientes.<\/p>\n<p data-start=\"923\" data-end=\"1218\">Durante minha forma\u00e7\u00e3o e pr\u00e1tica cl\u00ednica, percebi que cada pessoa chega com uma hist\u00f3ria, uma dor e um desejo diferentes. Por isso, sempre acreditei em uma <strong data-start=\"1079\" data-end=\"1105\">medicina personalizada<\/strong>, que respeita as particularidades de cada caso e oferece um atendimento <strong data-start=\"1178\" data-end=\"1217\">humano, acolhedor e individualizado<\/strong>.<\/p>\n<p data-start=\"1220\" data-end=\"1461\">Aliando <strong data-start=\"1228\" data-end=\"1293\">tecnologia de ponta, conhecimento t\u00e9cnico e um olhar sens\u00edvel<\/strong>, meu trabalho vai al\u00e9m do tratamento das veias: busco transformar a forma como cada paciente se relaciona com o pr\u00f3prio corpo, com mais leveza, autoestima e confian\u00e7a.<\/p>\n<p data-start=\"1463\" data-end=\"1546\">Atuo com <strong data-start=\"1472\" data-end=\"1539\">procedimentos modernos, n\u00e3o cir\u00fargicos e com recupera\u00e7\u00e3o r\u00e1pida<\/strong>, como:<\/p>\n<ul data-start=\"1547\" data-end=\"1754\">\n<li data-start=\"1547\" data-end=\"1601\">\n<p data-start=\"1549\" data-end=\"1601\"><strong data-start=\"1549\" data-end=\"1578\">Escleroterapia com espuma<\/strong> guiada por ultrassom<\/p>\n<\/li>\n<li data-start=\"1602\" data-end=\"1640\">\n<p data-start=\"1604\" data-end=\"1640\"><strong data-start=\"1604\" data-end=\"1638\">Laser transd\u00e9rmico e endolaser<\/strong><\/p>\n<\/li>\n<li data-start=\"1641\" data-end=\"1674\">\n<p data-start=\"1643\" data-end=\"1674\"><strong data-start=\"1643\" data-end=\"1672\">Microcirurgias de varizes<\/strong><\/p>\n<\/li>\n<li data-start=\"1675\" data-end=\"1754\">\n<p data-start=\"1677\" data-end=\"1754\"><strong data-start=\"1677\" data-end=\"1754\">Tratamentos personalizados para vasinhos, varizes e doen\u00e7as circulat\u00f3rias<\/strong><\/p>\n<\/li>\n<\/ul>\n<p data-start=\"1756\" data-end=\"2029\">A escolha por t\u00e9cnicas minimamente invasivas reflete meu compromisso em oferecer <strong data-start=\"1837\" data-end=\"1873\">resultados eficazes e duradouros<\/strong>, com o menor impacto poss\u00edvel na rotina de quem me procura. Afinal, cuidar da sa\u00fade vascular pode (e deve) ser feito com conforto, seguran\u00e7a e praticidade.<\/p>\n<p data-start=\"2031\" data-end=\"2241\">Acredito que a <strong data-start=\"2046\" data-end=\"2094\">informa\u00e7\u00e3o \u00e9 uma ferramenta de empoderamento<\/strong>, por isso me dedico tamb\u00e9m a orientar meus pacientes de forma clara e did\u00e1tica, para que cada decis\u00e3o seja tomada com consci\u00eancia e tranquilidade.<\/p>\n<p data-start=\"2243\" data-end=\"2417\">Hoje, meu prop\u00f3sito \u00e9 claro: <strong data-start=\"2272\" data-end=\"2416\">aliviar dores, melhorar a circula\u00e7\u00e3o e resgatar a autoestima de quem convive com problemas vasculares, unindo medicina, tecnologia e empatia<\/strong>.<\/p>\n<p data-start=\"2419\" data-end=\"2598\">Se voc\u00ea busca um tratamento vascular com foco na sua sa\u00fade, bem-estar e qualidade de vida, ser\u00e1 um prazer te atender. Vamos conversar para encontrar a melhor solu\u00e7\u00e3o para voc\u00ea? \ud83d\udc99<\/p>\n<\/div>\n<\/div><\/div><\/div><\/div><\/div><\/div><\/div>","protected":false},"excerpt":{"rendered":"<p>Cuidar da sa\u00fade e da autoestima dos meus pacientes \u00e9 o que move minha jornada na medicina. Sou a Dra. Lucianne Nogueira, [&hellip;]<\/p>\n","protected":false},"author":1,"featured_media":186,"parent":0,"menu_order":0,"comment_status":"closed","ping_status":"closed","template":"","meta":{"_joinchat":[],"footnotes":""},"class_list":["post-107","page","type-page","status-publish","has-post-thumbnail","hentry"],"yoast_head":"<!-- This site is optimized with the Yoast SEO plugin v26.0 - https:\/\/yoast.com\/wordpress\/plugins\/seo\/ -->\n<title>Sobre - Dra Lucianne Nogueira<\/title>\n<meta name=\"robots\" content=\"index, follow, max-snippet:-1, max-image-preview:large, max-video-preview:-1\" \/>\n<link rel=\"canonical\" href=\"https:\/\/draluciannenogueira.com.br\/?page_id=107\" \/>\n<meta property=\"og:locale\" content=\"pt_BR\" \/>\n<meta property=\"og:type\" content=\"article\" \/>\n<meta property=\"og:title\" content=\"Sobre - Dra Lucianne Nogueira\" \/>\n<meta property=\"og:description\" content=\"Cuidar da sa\u00fade e da autoestima dos meus pacientes \u00e9 o que move minha jornada na medicina. Sou a Dra. Lucianne Nogueira, [&hellip;]\" \/>\n<meta property=\"og:url\" content=\"https:\/\/draluciannenogueira.com.br\/?page_id=107\" \/>\n<meta property=\"og:site_name\" content=\"Dra Lucianne Nogueira\" \/>\n<meta property=\"article:modified_time\" content=\"2025-07-23T01:34:54+00:00\" \/>\n<meta property=\"og:image\" content=\"https:\/\/draluciannenogueira.com.br\/wp-content\/uploads\/2025\/07\/quemsou-scaled.jpg\" \/>\n\t<meta property=\"og:image:width\" content=\"2560\" \/>\n\t<meta property=\"og:image:height\" content=\"1707\" \/>\n\t<meta property=\"og:image:type\" content=\"image\/jpeg\" \/>\n<meta name=\"twitter:card\" content=\"summary_large_image\" \/>\n<meta name=\"twitter:label1\" content=\"Est. tempo de leitura\" \/>\n\t<meta name=\"twitter:data1\" content=\"2 minutos\" \/>\n<script type=\"application\/ld+json\" class=\"yoast-schema-graph\">{\"@context\":\"https:\/\/schema.org\",\"@graph\":[{\"@type\":\"WebPage\",\"@id\":\"https:\/\/draluciannenogueira.com.br\/?page_id=107\",\"url\":\"https:\/\/draluciannenogueira.com.br\/?page_id=107\",\"name\":\"Sobre - Dra Lucianne Nogueira\",\"isPartOf\":{\"@id\":\"https:\/\/draluciannenogueira.com.br\/#website\"},\"primaryImageOfPage\":{\"@id\":\"https:\/\/draluciannenogueira.com.br\/?page_id=107#primaryimage\"},\"image\":{\"@id\":\"https:\/\/draluciannenogueira.com.br\/?page_id=107#primaryimage\"},\"thumbnailUrl\":\"https:\/\/draluciannenogueira.com.br\/wp-content\/uploads\/2025\/07\/quemsou-scaled.jpg\",\"datePublished\":\"2025-07-23T00:24:01+00:00\",\"dateModified\":\"2025-07-23T01:34:54+00:00\",\"breadcrumb\":{\"@id\":\"https:\/\/draluciannenogueira.com.br\/?page_id=107#breadcrumb\"},\"inLanguage\":\"pt-BR\",\"potentialAction\":[{\"@type\":\"ReadAction\",\"target\":[\"https:\/\/draluciannenogueira.com.br\/?page_id=107\"]}]},{\"@type\":\"ImageObject\",\"inLanguage\":\"pt-BR\",\"@id\":\"https:\/\/draluciannenogueira.com.br\/?page_id=107#primaryimage\",\"url\":\"https:\/\/draluciannenogueira.com.br\/wp-content\/uploads\/2025\/07\/quemsou-scaled.jpg\",\"contentUrl\":\"https:\/\/draluciannenogueira.com.br\/wp-content\/uploads\/2025\/07\/quemsou-scaled.jpg\",\"width\":2560,\"height\":1707},{\"@type\":\"BreadcrumbList\",\"@id\":\"https:\/\/draluciannenogueira.com.br\/?page_id=107#breadcrumb\",\"itemListElement\":[{\"@type\":\"ListItem\",\"position\":1,\"name\":\"Home\",\"item\":\"https:\/\/draluciannenogueira.com.br\/\"},{\"@type\":\"ListItem\",\"position\":2,\"name\":\"Sobre\"}]},{\"@type\":\"WebSite\",\"@id\":\"https:\/\/draluciannenogueira.com.br\/#website\",\"url\":\"https:\/\/draluciannenogueira.com.br\/\",\"name\":\"Dra Lucianne Nogueira\",\"description\":\"Cirurgia Vascular\",\"potentialAction\":[{\"@type\":\"SearchAction\",\"target\":{\"@type\":\"EntryPoint\",\"urlTemplate\":\"https:\/\/draluciannenogueira.com.br\/?s={search_term_string}\"},\"query-input\":{\"@type\":\"PropertyValueSpecification\",\"valueRequired\":true,\"valueName\":\"search_term_string\"}}],\"inLanguage\":\"pt-BR\"}]}<\/script>\n<!-- \/ Yoast SEO plugin. -->","yoast_head_json":{"title":"Sobre - Dra Lucianne Nogueira","robots":{"index":"index","follow":"follow","max-snippet":"max-snippet:-1","max-image-preview":"max-image-preview:large","max-video-preview":"max-video-preview:-1"},"canonical":"https:\/\/draluciannenogueira.com.br\/?page_id=107","og_locale":"pt_BR","og_type":"article","og_title":"Sobre - Dra Lucianne Nogueira","og_description":"Cuidar da sa\u00fade e da autoestima dos meus pacientes \u00e9 o que move minha jornada na medicina. Sou a Dra. Lucianne Nogueira, [&hellip;]","og_url":"https:\/\/draluciannenogueira.com.br\/?page_id=107","og_site_name":"Dra Lucianne Nogueira","article_modified_time":"2025-07-23T01:34:54+00:00","og_image":[{"width":2560,"height":1707,"url":"https:\/\/draluciannenogueira.com.br\/wp-content\/uploads\/2025\/07\/quemsou-scaled.jpg","type":"image\/jpeg"}],"twitter_card":"summary_large_image","twitter_misc":{"Est. tempo de leitura":"2 minutos"},"schema":{"@context":"https:\/\/schema.org","@graph":[{"@type":"WebPage","@id":"https:\/\/draluciannenogueira.com.br\/?page_id=107","url":"https:\/\/draluciannenogueira.com.br\/?page_id=107","name":"Sobre - Dra Lucianne Nogueira","isPartOf":{"@id":"https:\/\/draluciannenogueira.com.br\/#website"},"primaryImageOfPage":{"@id":"https:\/\/draluciannenogueira.com.br\/?page_id=107#primaryimage"},"image":{"@id":"https:\/\/draluciannenogueira.com.br\/?page_id=107#primaryimage"},"thumbnailUrl":"https:\/\/draluciannenogueira.com.br\/wp-content\/uploads\/2025\/07\/quemsou-scaled.jpg","datePublished":"2025-07-23T00:24:01+00:00","dateModified":"2025-07-23T01:34:54+00:00","breadcrumb":{"@id":"https:\/\/draluciannenogueira.com.br\/?page_id=107#breadcrumb"},"inLanguage":"pt-BR","potentialAction":[{"@type":"ReadAction","target":["https:\/\/draluciannenogueira.com.br\/?page_id=107"]}]},{"@type":"ImageObject","inLanguage":"pt-BR","@id":"https:\/\/draluciannenogueira.com.br\/?page_id=107#primaryimage","url":"https:\/\/draluciannenogueira.com.br\/wp-content\/uploads\/2025\/07\/quemsou-scaled.jpg","contentUrl":"https:\/\/draluciannenogueira.com.br\/wp-content\/uploads\/2025\/07\/quemsou-scaled.jpg","width":2560,"height":1707},{"@type":"BreadcrumbList","@id":"https:\/\/draluciannenogueira.com.br\/?page_id=107#breadcrumb","itemListElement":[{"@type":"ListItem","position":1,"name":"Home","item":"https:\/\/draluciannenogueira.com.br\/"},{"@type":"ListItem","position":2,"name":"Sobre"}]},{"@type":"WebSite","@id":"https:\/\/draluciannenogueira.com.br\/#website","url":"https:\/\/draluciannenogueira.com.br\/","name":"Dra Lucianne Nogueira","description":"Cirurgia Vascular","potentialAction":[{"@type":"SearchAction","target":{"@type":"EntryPoint","urlTemplate":"https:\/\/draluciannenogueira.com.br\/?s={search_term_string}"},"query-input":{"@type":"PropertyValueSpecification","valueRequired":true,"valueName":"search_term_string"}}],"inLanguage":"pt-BR"}]}},"_links":{"self":[{"href":"https:\/\/draluciannenogueira.com.br\/index.php?rest_route=\/wp\/v2\/pages\/107","targetHints":{"allow":["GET"]}}],"collection":[{"href":"https:\/\/draluciannenogueira.com.br\/index.php?rest_route=\/wp\/v2\/pages"}],"about":[{"href":"https:\/\/draluciannenogueira.com.br\/index.php?rest_route=\/wp\/v2\/types\/page"}],"author":[{"embeddable":true,"href":"https:\/\/draluciannenogueira.com.br\/index.php?rest_route=\/wp\/v2\/users\/1"}],"replies":[{"embeddable":true,"href":"https:\/\/draluciannenogueira.com.br\/index.php?rest_route=%2Fwp%2Fv2%2Fcomments&post=107"}],"version-history":[{"count":3,"href":"https:\/\/draluciannenogueira.com.br\/index.php?rest_route=\/wp\/v2\/pages\/107\/revisions"}],"predecessor-version":[{"id":198,"href":"https:\/\/draluciannenogueira.com.br\/index.php?rest_route=\/wp\/v2\/pages\/107\/revisions\/198"}],"wp:featuredmedia":[{"embeddable":true,"href":"https:\/\/draluciannenogueira.com.br\/index.php?rest_route=\/wp\/v2\/media\/186"}],"wp:attachment":[{"href":"https:\/\/draluciannenogueira.com.br\/index.php?rest_route=%2Fwp%2Fv2%2Fmedia&parent=107"}],"curies":[{"name":"wp","href":"https:\/\/api.w.org\/{rel}","templated":true}]}}